{"id":2,"date":"2019-02-21T15:53:20","date_gmt":"2019-02-21T20:53:20","guid":{"rendered":"http:\/\/goldenanka.com\/?page_id=2"},"modified":"2026-01-20T12:02:56","modified_gmt":"2026-01-20T17:02:56","slug":"inicio","status":"publish","type":"page","link":"https:\/\/amotape.com\/en\/","title":{"rendered":"Inicio"},"content":{"rendered":"<h1 style=\"text-align: center;\"><strong>REGION DE TUMBES<\/strong><\/h1>\n<p><img loading=\"lazy\" class=\" wp-image-6214 aligncenter\" src=\"https:\/\/amotape.com\/wp-content\/uploads\/2026\/01\/tumbes-300x212.png\" alt=\"\" width=\"342\" height=\"242\" srcset=\"https:\/\/amotape.com\/wp-content\/uploads\/2026\/01\/tumbes-300x212.png 300w, https:\/\/amotape.com\/wp-content\/uploads\/2026\/01\/tumbes.png 567w\" sizes=\"(max-width: 342px) 100vw, 342px\" \/><\/p>\n<h3><strong>UBICACI\u00d3N GEOGR\u00c1FICA<\/strong><\/h3>\n<p>La\u00a0regi\u00f3n\u00a0de Tumbes se encuentra situado en la costa septentrional en el extremo nor occidente del territorio del Per\u00fa, sus coordenadas geogr\u00e1ficas se sit\u00faan entre los 50 10&#8242; y 80 52&#8242; de latitud Sur 750 35&#8242; y 770 45&#8242; de longitud Oeste del meridiano de Grenwichs.<\/p>\n<p>Limitada por el norte y sur este con la Rep\u00fablica del Ecuador, en los hitos definidos por el Protocolo de R\u00edo de Janeiro, y por el sur con la regi\u00f3n de Piura, y por el oeste y norte con el Oc\u00e9ano Pac\u00edfico.<\/p>\n<p><strong>TERRITORIO<\/strong><\/p>\n<p>La regi\u00f3n\u00a0de Tumbes tiene una superficie de 4681,14\u00a0Km2.<\/p>\n<p>El territorio de Tumbes es poco accidentado. Al norte de la Quebrada de M\u00e1ncora, se encuentran diversos niveles de terrazas y colinas de poca altitud. Quebradas secas con cauces poco profundos y ramificadas en su parte superior, que en \u00e9pocas de lluvias llevan sus aguas estacionales hasta el Pac\u00edfico. Al Sureste de su territorio, los cerros de Amotape y la llamada Cordillera Larga, constituyen los mayores accidentes de su espacio geogr\u00e1fico.<\/p>\n<p>&nbsp;<\/p>\n<p><strong>HISTORIA<\/strong><\/p>\n<p>La ciudad de Tumbes es conocida por su rica historia y cultura. Su nombre proviene de los Tumpis, un grupo ind\u00edgena que habitaba en la regi\u00f3n antes de la llegada de los espa\u00f1oles. Existen varias teor\u00edas sobre el origen del nombre, incluyendo referencias a una especie de pasiflora local, un cacique legendario y un bast\u00f3n ceremonial utilizado por los antiguos gobernantes. Tumbes es tambi\u00e9n famosa por ser la primera ciudad en proclamar su independencia de los espa\u00f1oles, lo que resalta su importancia hist\u00f3rica.<\/p>\n<p>Tumbes es un para\u00edso por descubrir, cuenta con impresionantes playas, clima c\u00e1lido todo el a\u00f1o y una rica tradici\u00f3n en gastronom\u00eda y artesan\u00eda, esta ciudad norte\u00f1a es un destino que te cautivar\u00e1. Conocida como la &#8220;Ciudad del eterno Verano&#8221;, Tumbes es la puerta de entrada a los para\u00edsos costeros desde Puerto Pizarro hasta Punta Sal y otras joyas escondidas.<\/p>\n<p>Desde relajarte en playas de ensue\u00f1o hasta saborear su exquisita cocina, Tumbes tiene todo lo que necesitas para unas vacaciones inolvidables. Amotape Resort &#038; Bungalows te invita a sumergirte en la magia de este vibrante destino lleno de cultura y encanto costero.<\/p>\n<p style=\"text-align: center;\"><strong><em>\u00a1Te esperamos para comenzar a vivir una experiencia especial y \u00fanica!<\/em><\/strong><\/p>\n<p>Nuestro Hotel frente al mar, Amotape Hotel Bungalows Resort &#038; Apartamentos, ofrece una gran variedad de Bungalows con terraza para disfrutar de la playa que le ofrecen una experiencia diferente al apreciar las hermosas puestas de sol<\/p>\n<p>Llegar a la regi\u00f3n de Tumbes desde Lima via a\u00e9rea con servicio de las Aerol\u00edneas como Sky Airlines\u00a0y LATAM que ofrecen vuelos directos.<\/p>\n<p><strong>Detalles:<\/strong><\/p>\n<ul>\n<li><strong>Tiempo de vuelo:<\/strong>\u00a0Los vuelos directos desde Lima (LIM) a Tumbes (TBP) duran entre 1h 45m y 1h 50m, un poco m\u00e1s de 1.5 horas.<\/li>\n<li><strong>Temperatura:<\/strong>\u00a0Tumbes es c\u00e1lido, con m\u00e1ximas que pueden llegar a 35\u00b0C y m\u00ednimas alrededor de 20\u00b0C, t\u00edpico de su clima tropical.<\/li>\n<li><strong>Altitud:<\/strong>\u00a0Est\u00e1 a 29 metros sobre el nivel del mar (m.s.n.m.), lo que confirma su ubicaci\u00f3n costera.<\/li>\n<\/ul>\n<p>&nbsp;<\/p>\n<p><strong>ATRACTIVOS TUR\u00cdSTICOS<\/strong><\/p>\n<p>La regi\u00f3n de Tumbes destaca por lugares naturales e hist\u00f3ricos como:<\/p>\n<ul>\n<li>Catedral San Nicol\u00e1s de Tolentino<\/li>\n<li>Plaza Mayor de Tumbes<\/li>\n<li>Paseo Jerusal\u00e9n<\/li>\n<li>Boulevard de la Madre<\/li>\n<li>Paseo La Concordia Peruano Ecuatoriano<\/li>\n<li>Complejo arqueol\u00f3gico de Cabeza de Vaca<\/li>\n<li>Balneario de Punta sal<\/li>\n<li>Playa Zorritos<\/li>\n<li>Islas y Manglares<\/li>\n<li>Parque Nacional Cerros de Amotape<\/li>\n<\/ul>\n<p>&nbsp;<\/p>\n<p><strong>FOLKLORE<\/strong><\/p>\n<p><strong>Las cumananas,<\/strong>\u00a0expresi\u00f3n tradicional del verso en cuartetos, canto y guitarra, primando el amor, el sentimiento, lo divino, la muerte, el insulto, acompa\u00f1adas de bebidas t\u00edpicas de la regi\u00f3n.<\/p>\n<p><strong>La Danza de la Pava,<\/strong> danza popular de Tumbes, melodiosa por sus pasos y coreograf\u00eda, representa el acto de enamoramiento del pavo silvestre, la graciosa pava que escapa ladinamente parecida a la alegre marinera complementada con lo sentimental del Huayno y lo burl\u00f3n del festejo.<\/p>\n","protected":false},"excerpt":{"rendered":"<p>REGION DE TUMBES UBICACI\u00d3N GEOGR\u00c1FICA La\u00a0regi\u00f3n\u00a0de Tumbes se encuentra situado en la costa&hellip; <a href=\"https:\/\/amotape.com\/en\/\">Continuar<\/a><\/p>\n","protected":false},"author":1,"featured_media":0,"parent":0,"menu_order":1,"comment_status":"closed","ping_status":"closed","template":"","meta":{"om_disable_all_campaigns":false},"_links":{"self":[{"href":"https:\/\/amotape.com\/en\/wp-json\/wp\/v2\/pages\/2"}],"collection":[{"href":"https:\/\/amotape.com\/en\/wp-json\/wp\/v2\/pages"}],"about":[{"href":"https:\/\/amotape.com\/en\/wp-json\/wp\/v2\/types\/page"}],"author":[{"embeddable":true,"href":"https:\/\/amotape.com\/en\/wp-json\/wp\/v2\/users\/1"}],"replies":[{"embeddable":true,"href":"https:\/\/amotape.com\/en\/wp-json\/wp\/v2\/comments?post=2"}],"version-history":[{"count":15,"href":"https:\/\/amotape.com\/en\/wp-json\/wp\/v2\/pages\/2\/revisions"}],"predecessor-version":[{"id":6280,"href":"https:\/\/amotape.com\/en\/wp-json\/wp\/v2\/pages\/2\/revisions\/6280"}],"wp:attachment":[{"href":"https:\/\/amotape.com\/en\/wp-json\/wp\/v2\/media?parent=2"}],"curies":[{"name":"wp","href":"https:\/\/api.w.org\/{rel}","templated":true}]}}